{"id":127,"date":"2026-01-24T06:39:45","date_gmt":"2026-01-24T06:39:45","guid":{"rendered":"https:\/\/tiemhoaxinh.io.vn\/wordpress\/?post_type=product&#038;p=127"},"modified":"2026-01-31T07:01:32","modified_gmt":"2026-01-31T07:01:32","slug":"hoa-huong-duong","status":"publish","type":"product","link":"https:\/\/tiemhoaxinh.io.vn\/?product=hoa-huong-duong","title":{"rendered":"Hoa H\u01b0\u1edbng D\u01b0\u01a1ng"},"content":{"rendered":"<p>Nh\u01b0 \u00e1nh n\u1eafng ban mai, hoa h\u01b0\u1edbng d\u01b0\u01a1ng mang v\u1ebb \u0111\u1eb9p r\u1ef1c r\u1ee1 v\u00e0 tr\u00e0n \u0111\u1ea7y s\u1ee9c s\u1ed1ng. M\u1ed7i c\u00e1nh hoa l\u00e0 m\u1ed9t l\u1eddi nh\u1eafn nh\u1ee7 v\u1ec1 s\u1ef1 ki\u00ean c\u01b0\u1eddng, chung th\u1ee7y v\u00e0 ni\u1ec1m tin v\u00e0o t\u01b0\u01a1ng lai t\u01b0\u01a1i s\u00e1ng. M\u1ed9t b\u00f3 h\u01b0\u1edbng d\u01b0\u01a1ng s\u1ebd thay b\u1ea1n g\u1eedi g\u1eafm th\u00f4ng \u0111i\u1ec7p: \u201cLu\u00f4n m\u1ec9m c\u01b0\u1eddi v\u00e0 h\u01b0\u1edbng v\u1ec1 ph\u00eda m\u1eb7t tr\u1eddi.\u201d<\/p>\n","protected":false},"excerpt":{"rendered":"<p>Hoa h\u01b0\u1edbng d\u01b0\u01a1ng l\u00e0 lo\u00e0i hoa mang v\u1ebb \u0111\u1eb9p r\u1ef1c r\u1ee1 v\u00e0 tr\u00e0n \u0111\u1ea7y s\u1ee9c s\u1ed1ng. Nh\u1eefng c\u00e1nh hoa v\u00e0ng \u00f3ng x\u1ebfp \u0111\u1ec1u quanh nh\u1ee5y n\u00e2u s\u1eabm, t\u1ea1o th\u00e0nh h\u00ecnh tr\u00f2n nh\u01b0 m\u1ed9t m\u1eb7t tr\u1eddi nh\u1ecf. c\u00e0nh c\u00e2y cao, th\u1eb3ng v\u00e0 kh\u1ecfe kho\u1eafn, l\u00e1 to m\u00e0u xanh \u0111\u1eadm, g\u00f3p ph\u1ea7n l\u00e0m n\u1ed5i b\u1eadt s\u1eafc v\u00e0ng \u1ea5m \u00e1p c\u1ee7a hoa.<\/p>\n","protected":false},"featured_media":110,"comment_status":"open","ping_status":"closed","template":"","meta":[],"product_brand":[],"product_cat":[19],"product_tag":[],"class_list":{"0":"post-127","1":"product","2":"type-product","3":"status-publish","4":"has-post-thumbnail","6":"product_cat-chua-phan-loai","8":"first","9":"instock","10":"sale","11":"shipping-taxable","12":"purchasable","13":"product-type-simple"},"yoast_head":"<!-- This site is optimized with the Yoast SEO plugin v27.5 - https:\/\/yoast.com\/product\/yoast-seo-wordpress\/ -->\n<title>Hoa H\u01b0\u1edbng D\u01b0\u01a1ng - Ti\u1ec7m Hoa Xinh<\/title>\n<meta name=\"description\" content=\"B\u00f3 hoa h\u01b0\u1edbng d\u01b0\u01a1ng \u0111\u01b0\u1ee3c k\u1ebft h\u1ee3p tinh t\u1ebf, t\u00f4ng v\u00e0ng n\u1ed5i b\u1eadt gi\u00fap kh\u00f4ng gian th\u00eam t\u01b0\u01a1i s\u00e1ng v\u00e0 t\u00edch c\u1ef1c. Hoa t\u01b0\u01a1i l\u00e2u, form tr\u00f2n \u0111\u1eb9p, th\u00edch h\u1ee3p l\u00e0m qu\u00e0 t\u1eb7ng ng\u01b0\u1eddi th\u00e2n, b\u1ea1n b\u00e8, th\u1ea7y c\u00f4 ho\u1eb7c \u0111\u1ed1i t\u00e1c. M\u00f3n qu\u00e0 \u0111\u01a1n gi\u1ea3n nh\u01b0ng mang \u00fd ngh\u0129a: ch\u00fac ng\u01b0\u1eddi nh\u1eadn lu\u00f4n m\u1ea1nh m\u1ebd v\u00e0 h\u1ea1nh ph\u00fac.\" \/>\n<meta name=\"robots\" content=\"index, follow, max-snippet:-1, max-image-preview:large, max-video-preview:-1\" \/>\n<link rel=\"canonical\" href=\"https:\/\/tiemhoaxinh.io.vn\/?product=hoa-huong-duong\" \/>\n<meta property=\"og:locale\" content=\"vi_VN\" \/>\n<meta property=\"og:type\" content=\"article\" \/>\n<meta property=\"og:title\" content=\"Hoa H\u01b0\u1edbng D\u01b0\u01a1ng - Ti\u1ec7m Hoa Xinh\" \/>\n<meta property=\"og:description\" content=\"B\u00f3 hoa h\u01b0\u1edbng d\u01b0\u01a1ng \u0111\u01b0\u1ee3c k\u1ebft h\u1ee3p tinh t\u1ebf, t\u00f4ng v\u00e0ng n\u1ed5i b\u1eadt gi\u00fap kh\u00f4ng gian th\u00eam t\u01b0\u01a1i s\u00e1ng v\u00e0 t\u00edch c\u1ef1c. Hoa t\u01b0\u01a1i l\u00e2u, form tr\u00f2n \u0111\u1eb9p, th\u00edch h\u1ee3p l\u00e0m qu\u00e0 t\u1eb7ng ng\u01b0\u1eddi th\u00e2n, b\u1ea1n b\u00e8, th\u1ea7y c\u00f4 ho\u1eb7c \u0111\u1ed1i t\u00e1c. M\u00f3n qu\u00e0 \u0111\u01a1n gi\u1ea3n nh\u01b0ng mang \u00fd ngh\u0129a: ch\u00fac ng\u01b0\u1eddi nh\u1eadn lu\u00f4n m\u1ea1nh m\u1ebd v\u00e0 h\u1ea1nh ph\u00fac.\" \/>\n<meta property=\"og:url\" content=\"https:\/\/tiemhoaxinh.io.vn\/?product=hoa-huong-duong\" \/>\n<meta property=\"og:site_name\" content=\"Ti\u1ec7m Hoa Xinh\" \/>\n<meta property=\"article:modified_time\" content=\"2026-01-31T07:01:32+00:00\" \/>\n<meta property=\"og:image\" content=\"https:\/\/tiemhoaxinh.io.vn\/wp-content\/uploads\/2026\/01\/image-17-946x1024.png\" \/>\n\t<meta property=\"og:image:width\" content=\"946\" \/>\n\t<meta property=\"og:image:height\" content=\"1024\" \/>\n\t<meta property=\"og:image:type\" content=\"image\/png\" \/>\n<meta name=\"twitter:card\" content=\"summary_large_image\" \/>\n<meta name=\"twitter:label1\" content=\"\u01af\u1edbc t\u00ednh th\u1eddi gian \u0111\u1ecdc\" \/>\n\t<meta name=\"twitter:data1\" content=\"1 ph\u00fat\" \/>\n<script type=\"application\/ld+json\" class=\"yoast-schema-graph\">{\"@context\":\"https:\\\/\\\/schema.org\",\"@graph\":[{\"@type\":\"WebPage\",\"@id\":\"https:\\\/\\\/tiemhoaxinh.io.vn\\\/?product=hoa-huong-duong\",\"url\":\"https:\\\/\\\/tiemhoaxinh.io.vn\\\/?product=hoa-huong-duong\",\"name\":\"Hoa H\u01b0\u1edbng D\u01b0\u01a1ng - Ti\u1ec7m Hoa Xinh\",\"isPartOf\":{\"@id\":\"https:\\\/\\\/tiemhoaxinh.io.vn\\\/#website\"},\"primaryImageOfPage\":{\"@id\":\"https:\\\/\\\/tiemhoaxinh.io.vn\\\/?product=hoa-huong-duong#primaryimage\"},\"image\":{\"@id\":\"https:\\\/\\\/tiemhoaxinh.io.vn\\\/?product=hoa-huong-duong#primaryimage\"},\"thumbnailUrl\":\"https:\\\/\\\/tiemhoaxinh.io.vn\\\/wp-content\\\/uploads\\\/2026\\\/01\\\/image-17.png\",\"datePublished\":\"2026-01-24T06:39:45+00:00\",\"dateModified\":\"2026-01-31T07:01:32+00:00\",\"description\":\"B\u00f3 hoa h\u01b0\u1edbng d\u01b0\u01a1ng \u0111\u01b0\u1ee3c k\u1ebft h\u1ee3p tinh t\u1ebf, t\u00f4ng v\u00e0ng n\u1ed5i b\u1eadt gi\u00fap kh\u00f4ng gian th\u00eam t\u01b0\u01a1i s\u00e1ng v\u00e0 t\u00edch c\u1ef1c. Hoa t\u01b0\u01a1i l\u00e2u, form tr\u00f2n \u0111\u1eb9p, th\u00edch h\u1ee3p l\u00e0m qu\u00e0 t\u1eb7ng ng\u01b0\u1eddi th\u00e2n, b\u1ea1n b\u00e8, th\u1ea7y c\u00f4 ho\u1eb7c \u0111\u1ed1i t\u00e1c. M\u00f3n qu\u00e0 \u0111\u01a1n gi\u1ea3n nh\u01b0ng mang \u00fd ngh\u0129a: ch\u00fac ng\u01b0\u1eddi nh\u1eadn lu\u00f4n m\u1ea1nh m\u1ebd v\u00e0 h\u1ea1nh ph\u00fac.\",\"breadcrumb\":{\"@id\":\"https:\\\/\\\/tiemhoaxinh.io.vn\\\/?product=hoa-huong-duong#breadcrumb\"},\"inLanguage\":\"vi\",\"potentialAction\":[{\"@type\":\"ReadAction\",\"target\":[\"https:\\\/\\\/tiemhoaxinh.io.vn\\\/?product=hoa-huong-duong\"]}]},{\"@type\":\"ImageObject\",\"inLanguage\":\"vi\",\"@id\":\"https:\\\/\\\/tiemhoaxinh.io.vn\\\/?product=hoa-huong-duong#primaryimage\",\"url\":\"https:\\\/\\\/tiemhoaxinh.io.vn\\\/wp-content\\\/uploads\\\/2026\\\/01\\\/image-17.png\",\"contentUrl\":\"https:\\\/\\\/tiemhoaxinh.io.vn\\\/wp-content\\\/uploads\\\/2026\\\/01\\\/image-17.png\",\"width\":1170,\"height\":1267},{\"@type\":\"BreadcrumbList\",\"@id\":\"https:\\\/\\\/tiemhoaxinh.io.vn\\\/?product=hoa-huong-duong#breadcrumb\",\"itemListElement\":[{\"@type\":\"ListItem\",\"position\":1,\"name\":\"Trang ch\u1ee7\",\"item\":\"https:\\\/\\\/tiemhoaxinh.io.vn\\\/\"},{\"@type\":\"ListItem\",\"position\":2,\"name\":\"C\u1eeda h\u00e0ng\",\"item\":\"https:\\\/\\\/tiemhoaxinh.io.vn\\\/?page_id=45\"},{\"@type\":\"ListItem\",\"position\":3,\"name\":\"Hoa H\u01b0\u1edbng D\u01b0\u01a1ng\"}]},{\"@type\":\"WebSite\",\"@id\":\"https:\\\/\\\/tiemhoaxinh.io.vn\\\/#website\",\"url\":\"https:\\\/\\\/tiemhoaxinh.io.vn\\\/\",\"name\":\"Ti\u1ec7m Hoa Xinh\",\"description\":\"\",\"potentialAction\":[{\"@type\":\"SearchAction\",\"target\":{\"@type\":\"EntryPoint\",\"urlTemplate\":\"https:\\\/\\\/tiemhoaxinh.io.vn\\\/?s={search_term_string}\"},\"query-input\":{\"@type\":\"PropertyValueSpecification\",\"valueRequired\":true,\"valueName\":\"search_term_string\"}}],\"inLanguage\":\"vi\"}]}<\/script>\n<!-- \/ Yoast SEO plugin. -->","yoast_head_json":{"title":"Hoa H\u01b0\u1edbng D\u01b0\u01a1ng - Ti\u1ec7m Hoa Xinh","description":"B\u00f3 hoa h\u01b0\u1edbng d\u01b0\u01a1ng \u0111\u01b0\u1ee3c k\u1ebft h\u1ee3p tinh t\u1ebf, t\u00f4ng v\u00e0ng n\u1ed5i b\u1eadt gi\u00fap kh\u00f4ng gian th\u00eam t\u01b0\u01a1i s\u00e1ng v\u00e0 t\u00edch c\u1ef1c. Hoa t\u01b0\u01a1i l\u00e2u, form tr\u00f2n \u0111\u1eb9p, th\u00edch h\u1ee3p l\u00e0m qu\u00e0 t\u1eb7ng ng\u01b0\u1eddi th\u00e2n, b\u1ea1n b\u00e8, th\u1ea7y c\u00f4 ho\u1eb7c \u0111\u1ed1i t\u00e1c. M\u00f3n qu\u00e0 \u0111\u01a1n gi\u1ea3n nh\u01b0ng mang \u00fd ngh\u0129a: ch\u00fac ng\u01b0\u1eddi nh\u1eadn lu\u00f4n m\u1ea1nh m\u1ebd v\u00e0 h\u1ea1nh ph\u00fac.","robots":{"index":"index","follow":"follow","max-snippet":"max-snippet:-1","max-image-preview":"max-image-preview:large","max-video-preview":"max-video-preview:-1"},"canonical":"https:\/\/tiemhoaxinh.io.vn\/?product=hoa-huong-duong","og_locale":"vi_VN","og_type":"article","og_title":"Hoa H\u01b0\u1edbng D\u01b0\u01a1ng - Ti\u1ec7m Hoa Xinh","og_description":"B\u00f3 hoa h\u01b0\u1edbng d\u01b0\u01a1ng \u0111\u01b0\u1ee3c k\u1ebft h\u1ee3p tinh t\u1ebf, t\u00f4ng v\u00e0ng n\u1ed5i b\u1eadt gi\u00fap kh\u00f4ng gian th\u00eam t\u01b0\u01a1i s\u00e1ng v\u00e0 t\u00edch c\u1ef1c. Hoa t\u01b0\u01a1i l\u00e2u, form tr\u00f2n \u0111\u1eb9p, th\u00edch h\u1ee3p l\u00e0m qu\u00e0 t\u1eb7ng ng\u01b0\u1eddi th\u00e2n, b\u1ea1n b\u00e8, th\u1ea7y c\u00f4 ho\u1eb7c \u0111\u1ed1i t\u00e1c. M\u00f3n qu\u00e0 \u0111\u01a1n gi\u1ea3n nh\u01b0ng mang \u00fd ngh\u0129a: ch\u00fac ng\u01b0\u1eddi nh\u1eadn lu\u00f4n m\u1ea1nh m\u1ebd v\u00e0 h\u1ea1nh ph\u00fac.","og_url":"https:\/\/tiemhoaxinh.io.vn\/?product=hoa-huong-duong","og_site_name":"Ti\u1ec7m Hoa Xinh","article_modified_time":"2026-01-31T07:01:32+00:00","og_image":[{"width":946,"height":1024,"url":"https:\/\/tiemhoaxinh.io.vn\/wp-content\/uploads\/2026\/01\/image-17-946x1024.png","type":"image\/png"}],"twitter_card":"summary_large_image","twitter_misc":{"\u01af\u1edbc t\u00ednh th\u1eddi gian \u0111\u1ecdc":"1 ph\u00fat"},"schema":{"@context":"https:\/\/schema.org","@graph":[{"@type":"WebPage","@id":"https:\/\/tiemhoaxinh.io.vn\/?product=hoa-huong-duong","url":"https:\/\/tiemhoaxinh.io.vn\/?product=hoa-huong-duong","name":"Hoa H\u01b0\u1edbng D\u01b0\u01a1ng - Ti\u1ec7m Hoa Xinh","isPartOf":{"@id":"https:\/\/tiemhoaxinh.io.vn\/#website"},"primaryImageOfPage":{"@id":"https:\/\/tiemhoaxinh.io.vn\/?product=hoa-huong-duong#primaryimage"},"image":{"@id":"https:\/\/tiemhoaxinh.io.vn\/?product=hoa-huong-duong#primaryimage"},"thumbnailUrl":"https:\/\/tiemhoaxinh.io.vn\/wp-content\/uploads\/2026\/01\/image-17.png","datePublished":"2026-01-24T06:39:45+00:00","dateModified":"2026-01-31T07:01:32+00:00","description":"B\u00f3 hoa h\u01b0\u1edbng d\u01b0\u01a1ng \u0111\u01b0\u1ee3c k\u1ebft h\u1ee3p tinh t\u1ebf, t\u00f4ng v\u00e0ng n\u1ed5i b\u1eadt gi\u00fap kh\u00f4ng gian th\u00eam t\u01b0\u01a1i s\u00e1ng v\u00e0 t\u00edch c\u1ef1c. Hoa t\u01b0\u01a1i l\u00e2u, form tr\u00f2n \u0111\u1eb9p, th\u00edch h\u1ee3p l\u00e0m qu\u00e0 t\u1eb7ng ng\u01b0\u1eddi th\u00e2n, b\u1ea1n b\u00e8, th\u1ea7y c\u00f4 ho\u1eb7c \u0111\u1ed1i t\u00e1c. M\u00f3n qu\u00e0 \u0111\u01a1n gi\u1ea3n nh\u01b0ng mang \u00fd ngh\u0129a: ch\u00fac ng\u01b0\u1eddi nh\u1eadn lu\u00f4n m\u1ea1nh m\u1ebd v\u00e0 h\u1ea1nh ph\u00fac.","breadcrumb":{"@id":"https:\/\/tiemhoaxinh.io.vn\/?product=hoa-huong-duong#breadcrumb"},"inLanguage":"vi","potentialAction":[{"@type":"ReadAction","target":["https:\/\/tiemhoaxinh.io.vn\/?product=hoa-huong-duong"]}]},{"@type":"ImageObject","inLanguage":"vi","@id":"https:\/\/tiemhoaxinh.io.vn\/?product=hoa-huong-duong#primaryimage","url":"https:\/\/tiemhoaxinh.io.vn\/wp-content\/uploads\/2026\/01\/image-17.png","contentUrl":"https:\/\/tiemhoaxinh.io.vn\/wp-content\/uploads\/2026\/01\/image-17.png","width":1170,"height":1267},{"@type":"BreadcrumbList","@id":"https:\/\/tiemhoaxinh.io.vn\/?product=hoa-huong-duong#breadcrumb","itemListElement":[{"@type":"ListItem","position":1,"name":"Trang ch\u1ee7","item":"https:\/\/tiemhoaxinh.io.vn\/"},{"@type":"ListItem","position":2,"name":"C\u1eeda h\u00e0ng","item":"https:\/\/tiemhoaxinh.io.vn\/?page_id=45"},{"@type":"ListItem","position":3,"name":"Hoa H\u01b0\u1edbng D\u01b0\u01a1ng"}]},{"@type":"WebSite","@id":"https:\/\/tiemhoaxinh.io.vn\/#website","url":"https:\/\/tiemhoaxinh.io.vn\/","name":"Ti\u1ec7m Hoa Xinh","description":"","potentialAction":[{"@type":"SearchAction","target":{"@type":"EntryPoint","urlTemplate":"https:\/\/tiemhoaxinh.io.vn\/?s={search_term_string}"},"query-input":{"@type":"PropertyValueSpecification","valueRequired":true,"valueName":"search_term_string"}}],"inLanguage":"vi"}]}},"jetpack_sharing_enabled":true,"_links":{"self":[{"href":"https:\/\/tiemhoaxinh.io.vn\/index.php?rest_route=\/wp\/v2\/product\/127","targetHints":{"allow":["GET"]}}],"collection":[{"href":"https:\/\/tiemhoaxinh.io.vn\/index.php?rest_route=\/wp\/v2\/product"}],"about":[{"href":"https:\/\/tiemhoaxinh.io.vn\/index.php?rest_route=\/wp\/v2\/types\/product"}],"replies":[{"embeddable":true,"href":"https:\/\/tiemhoaxinh.io.vn\/index.php?rest_route=%2Fwp%2Fv2%2Fcomments&post=127"}],"wp:featuredmedia":[{"embeddable":true,"href":"https:\/\/tiemhoaxinh.io.vn\/index.php?rest_route=\/wp\/v2\/media\/110"}],"wp:attachment":[{"href":"https:\/\/tiemhoaxinh.io.vn\/index.php?rest_route=%2Fwp%2Fv2%2Fmedia&parent=127"}],"wp:term":[{"taxonomy":"product_brand","embeddable":true,"href":"https:\/\/tiemhoaxinh.io.vn\/index.php?rest_route=%2Fwp%2Fv2%2Fproduct_brand&post=127"},{"taxonomy":"product_cat","embeddable":true,"href":"https:\/\/tiemhoaxinh.io.vn\/index.php?rest_route=%2Fwp%2Fv2%2Fproduct_cat&post=127"},{"taxonomy":"product_tag","embeddable":true,"href":"https:\/\/tiemhoaxinh.io.vn\/index.php?rest_route=%2Fwp%2Fv2%2Fproduct_tag&post=127"}],"curies":[{"name":"wp","href":"https:\/\/api.w.org\/{rel}","templated":true}]}}