{"id":125,"date":"2026-01-22T07:35:42","date_gmt":"2026-01-22T07:35:42","guid":{"rendered":"https:\/\/tiemhoaxinh.io.vn\/wordpress\/?post_type=product&#038;p=125"},"modified":"2026-01-31T07:00:56","modified_gmt":"2026-01-31T07:00:56","slug":"hoa-hong","status":"publish","type":"product","link":"https:\/\/tiemhoaxinh.io.vn\/?product=hoa-hong","title":{"rendered":"hoa H\u1ed3ng"},"content":{"rendered":"<p class=\"QN2lPu\">Ti\u1ec7m Hoa Xinh<br \/>\n&#8211; Mi\u1ec5n ph\u00ed thi\u1ec7p ghi l\u1eddi ch\u00fac (khi kh\u00e1ch y\u00eau c\u1ea7u)<\/p>\n<p class=\"QN2lPu\">&#8211; Giao Hoa H\u1ecfa T\u1ed1c \u1edf S\u00e0i G\u00f2n<\/p>\n<p class=\"QN2lPu\">&#8211; M\u00f3n qu\u00e0 \u00fd ngh\u0129a t\u1eb7ng ng\u01b0\u1eddi y\u00eau th\u01b0\u01a1ng v\u00e0 tao m\u1ed7i quan h\u1ec7 th\u00e2n thi\u1ebft v\u1edbi kh\u00e1ch h\u00e0ng v\u00e0 \u0111\u1ed3ng nghi\u1ec7p<\/p>\n","protected":false},"excerpt":{"rendered":"<p>B\u00f3 hoa h\u1ed3ng t\u01b0\u01a1i \u0111\u01b0\u1ee3c thi\u1ebft k\u1ebf tinh t\u1ebf, hoa n\u1edf \u0111\u1ec1u, c\u00e1nh d\u00e0y v\u00e0 m\u00e0u s\u1eafc r\u1ef1c r\u1ee1 Ph\u00f9 h\u1ee3p l\u00e0m qu\u00e0 t\u1eb7ng sinh nh\u1eadt, k\u1ef7 ni\u1ec7m hay t\u1ecf t\u00ecnh, gi\u00fap b\u1ea1n g\u1eedi tr\u1ecdn y\u00eau th\u01b0\u01a1ng \u0111\u1ebfn ng\u01b0\u1eddi nh\u1eadn. Ti\u1ec7m g\u00f3i hoa c\u1ea9n th\u1eadn, gi\u1eef hoa t\u01b0\u01a1i l\u00e2u v\u00e0 giao nhanh trong ng\u00e0y.<\/p>\n","protected":false},"featured_media":135,"comment_status":"open","ping_status":"closed","template":"","meta":[],"product_brand":[],"product_cat":[19],"product_tag":[],"class_list":{"0":"post-125","1":"product","2":"type-product","3":"status-publish","4":"has-post-thumbnail","6":"product_cat-chua-phan-loai","8":"first","9":"instock","10":"sale","11":"shipping-taxable","12":"purchasable","13":"product-type-simple"},"yoast_head":"<!-- This site is optimized with the Yoast SEO plugin v27.5 - https:\/\/yoast.com\/product\/yoast-seo-wordpress\/ -->\n<title>hoa H\u1ed3ng - Ti\u1ec7m Hoa Xinh<\/title>\n<meta name=\"description\" content=\"Hoa h\u1ed3ng l\u00e0 lo\u00e0i hoa bi\u1ec3u t\u01b0\u1ee3ng cho t\u00ecnh y\u00eau, s\u1ef1 l\u00e3ng m\u1ea1n v\u00e0 nh\u1eefng c\u1ea3m x\u00fac ch\u00e2n th\u00e0nh. T\u1ea1i Ti\u1ec7m Hoa Xinh, c\u00e1c m\u1eabu hoa h\u1ed3ng \u0111\u1eb9p lu\u00f4n \u0111\u01b0\u1ee3c tuy\u1ec3n ch\u1ecdn k\u1ef9 l\u01b0\u1ee1ng t\u1eeb nh\u1eefng b\u00f4ng hoa h\u1ed3ng t\u01b0\u01a1i nh\u1ea5t, c\u00e1nh hoa d\u00e0y, m\u00e0u s\u1eafc r\u1ef1c r\u1ee1 v\u00e0 h\u01b0\u01a1ng th\u01a1m d\u1ecbu nh\u1eb9. Hoa h\u1ed3ng ph\u00f9 h\u1ee3p \u0111\u1ec3 l\u00e0m qu\u00e0 t\u1eb7ng trong nhi\u1ec1u d\u1ecbp nh\u01b0 sinh nh\u1eadt, k\u1ef7 ni\u1ec7m, Valentine hay l\u1eddi ch\u00fac y\u00eau th\u01b0\u01a1ng h\u1eb1ng ng\u00e0y. V\u1edbi thi\u1ebft k\u1ebf tinh t\u1ebf v\u00e0 ch\u1ea5t l\u01b0\u1ee3ng \u0111\u1ea3m b\u1ea3o, shop hoa Ti\u1ec7m Hoa Xinh cam k\u1ebft mang \u0111\u1ebfn nh\u1eefng b\u00f3 hoa h\u1ed3ng sang tr\u1ecdng, gi\u00fap b\u1ea1n g\u1eedi tr\u1ecdn v\u1eb9n th\u00f4ng \u0111i\u1ec7p y\u00eau th\u01b0\u01a1ng \u0111\u1ebfn ng\u01b0\u1eddi nh\u1eadn.\" \/>\n<meta name=\"robots\" content=\"index, follow, max-snippet:-1, max-image-preview:large, max-video-preview:-1\" \/>\n<link rel=\"canonical\" href=\"https:\/\/tiemhoaxinh.io.vn\/?product=hoa-hong\" \/>\n<meta property=\"og:locale\" content=\"vi_VN\" \/>\n<meta property=\"og:type\" content=\"article\" \/>\n<meta property=\"og:title\" content=\"hoa H\u1ed3ng - Ti\u1ec7m Hoa Xinh\" \/>\n<meta property=\"og:description\" content=\"Hoa h\u1ed3ng l\u00e0 lo\u00e0i hoa bi\u1ec3u t\u01b0\u1ee3ng cho t\u00ecnh y\u00eau, s\u1ef1 l\u00e3ng m\u1ea1n v\u00e0 nh\u1eefng c\u1ea3m x\u00fac ch\u00e2n th\u00e0nh. T\u1ea1i Ti\u1ec7m Hoa Xinh, c\u00e1c m\u1eabu hoa h\u1ed3ng \u0111\u1eb9p lu\u00f4n \u0111\u01b0\u1ee3c tuy\u1ec3n ch\u1ecdn k\u1ef9 l\u01b0\u1ee1ng t\u1eeb nh\u1eefng b\u00f4ng hoa h\u1ed3ng t\u01b0\u01a1i nh\u1ea5t, c\u00e1nh hoa d\u00e0y, m\u00e0u s\u1eafc r\u1ef1c r\u1ee1 v\u00e0 h\u01b0\u01a1ng th\u01a1m d\u1ecbu nh\u1eb9. Hoa h\u1ed3ng ph\u00f9 h\u1ee3p \u0111\u1ec3 l\u00e0m qu\u00e0 t\u1eb7ng trong nhi\u1ec1u d\u1ecbp nh\u01b0 sinh nh\u1eadt, k\u1ef7 ni\u1ec7m, Valentine hay l\u1eddi ch\u00fac y\u00eau th\u01b0\u01a1ng h\u1eb1ng ng\u00e0y. V\u1edbi thi\u1ebft k\u1ebf tinh t\u1ebf v\u00e0 ch\u1ea5t l\u01b0\u1ee3ng \u0111\u1ea3m b\u1ea3o, shop hoa Ti\u1ec7m Hoa Xinh cam k\u1ebft mang \u0111\u1ebfn nh\u1eefng b\u00f3 hoa h\u1ed3ng sang tr\u1ecdng, gi\u00fap b\u1ea1n g\u1eedi tr\u1ecdn v\u1eb9n th\u00f4ng \u0111i\u1ec7p y\u00eau th\u01b0\u01a1ng \u0111\u1ebfn ng\u01b0\u1eddi nh\u1eadn.\" \/>\n<meta property=\"og:url\" content=\"https:\/\/tiemhoaxinh.io.vn\/?product=hoa-hong\" \/>\n<meta property=\"og:site_name\" content=\"Ti\u1ec7m Hoa Xinh\" \/>\n<meta property=\"article:modified_time\" content=\"2026-01-31T07:00:56+00:00\" \/>\n<meta property=\"og:image\" content=\"https:\/\/tiemhoaxinh.io.vn\/wp-content\/uploads\/2026\/01\/hoa-1.jpg\" \/>\n\t<meta property=\"og:image:width\" content=\"2048\" \/>\n\t<meta property=\"og:image:height\" content=\"2048\" \/>\n\t<meta property=\"og:image:type\" content=\"image\/jpeg\" \/>\n<meta name=\"twitter:card\" content=\"summary_large_image\" \/>\n<meta name=\"twitter:label1\" content=\"\u01af\u1edbc t\u00ednh th\u1eddi gian \u0111\u1ecdc\" \/>\n\t<meta name=\"twitter:data1\" content=\"1 ph\u00fat\" \/>\n<script type=\"application\/ld+json\" class=\"yoast-schema-graph\">{\"@context\":\"https:\\\/\\\/schema.org\",\"@graph\":[{\"@type\":\"WebPage\",\"@id\":\"https:\\\/\\\/tiemhoaxinh.io.vn\\\/?product=hoa-hong\",\"url\":\"https:\\\/\\\/tiemhoaxinh.io.vn\\\/?product=hoa-hong\",\"name\":\"hoa H\u1ed3ng - Ti\u1ec7m Hoa Xinh\",\"isPartOf\":{\"@id\":\"https:\\\/\\\/tiemhoaxinh.io.vn\\\/#website\"},\"primaryImageOfPage\":{\"@id\":\"https:\\\/\\\/tiemhoaxinh.io.vn\\\/?product=hoa-hong#primaryimage\"},\"image\":{\"@id\":\"https:\\\/\\\/tiemhoaxinh.io.vn\\\/?product=hoa-hong#primaryimage\"},\"thumbnailUrl\":\"https:\\\/\\\/tiemhoaxinh.io.vn\\\/wp-content\\\/uploads\\\/2026\\\/01\\\/hoa-1.jpg\",\"datePublished\":\"2026-01-22T07:35:42+00:00\",\"dateModified\":\"2026-01-31T07:00:56+00:00\",\"description\":\"Hoa h\u1ed3ng l\u00e0 lo\u00e0i hoa bi\u1ec3u t\u01b0\u1ee3ng cho t\u00ecnh y\u00eau, s\u1ef1 l\u00e3ng m\u1ea1n v\u00e0 nh\u1eefng c\u1ea3m x\u00fac ch\u00e2n th\u00e0nh. T\u1ea1i Ti\u1ec7m Hoa Xinh, c\u00e1c m\u1eabu hoa h\u1ed3ng \u0111\u1eb9p lu\u00f4n \u0111\u01b0\u1ee3c tuy\u1ec3n ch\u1ecdn k\u1ef9 l\u01b0\u1ee1ng t\u1eeb nh\u1eefng b\u00f4ng hoa h\u1ed3ng t\u01b0\u01a1i nh\u1ea5t, c\u00e1nh hoa d\u00e0y, m\u00e0u s\u1eafc r\u1ef1c r\u1ee1 v\u00e0 h\u01b0\u01a1ng th\u01a1m d\u1ecbu nh\u1eb9. Hoa h\u1ed3ng ph\u00f9 h\u1ee3p \u0111\u1ec3 l\u00e0m qu\u00e0 t\u1eb7ng trong nhi\u1ec1u d\u1ecbp nh\u01b0 sinh nh\u1eadt, k\u1ef7 ni\u1ec7m, Valentine hay l\u1eddi ch\u00fac y\u00eau th\u01b0\u01a1ng h\u1eb1ng ng\u00e0y. V\u1edbi thi\u1ebft k\u1ebf tinh t\u1ebf v\u00e0 ch\u1ea5t l\u01b0\u1ee3ng \u0111\u1ea3m b\u1ea3o, shop hoa Ti\u1ec7m Hoa Xinh cam k\u1ebft mang \u0111\u1ebfn nh\u1eefng b\u00f3 hoa h\u1ed3ng sang tr\u1ecdng, gi\u00fap b\u1ea1n g\u1eedi tr\u1ecdn v\u1eb9n th\u00f4ng \u0111i\u1ec7p y\u00eau th\u01b0\u01a1ng \u0111\u1ebfn ng\u01b0\u1eddi nh\u1eadn.\",\"breadcrumb\":{\"@id\":\"https:\\\/\\\/tiemhoaxinh.io.vn\\\/?product=hoa-hong#breadcrumb\"},\"inLanguage\":\"vi\",\"potentialAction\":[{\"@type\":\"ReadAction\",\"target\":[\"https:\\\/\\\/tiemhoaxinh.io.vn\\\/?product=hoa-hong\"]}]},{\"@type\":\"ImageObject\",\"inLanguage\":\"vi\",\"@id\":\"https:\\\/\\\/tiemhoaxinh.io.vn\\\/?product=hoa-hong#primaryimage\",\"url\":\"https:\\\/\\\/tiemhoaxinh.io.vn\\\/wp-content\\\/uploads\\\/2026\\\/01\\\/hoa-1.jpg\",\"contentUrl\":\"https:\\\/\\\/tiemhoaxinh.io.vn\\\/wp-content\\\/uploads\\\/2026\\\/01\\\/hoa-1.jpg\",\"width\":2048,\"height\":2048},{\"@type\":\"BreadcrumbList\",\"@id\":\"https:\\\/\\\/tiemhoaxinh.io.vn\\\/?product=hoa-hong#breadcrumb\",\"itemListElement\":[{\"@type\":\"ListItem\",\"position\":1,\"name\":\"Trang ch\u1ee7\",\"item\":\"https:\\\/\\\/tiemhoaxinh.io.vn\\\/\"},{\"@type\":\"ListItem\",\"position\":2,\"name\":\"C\u1eeda h\u00e0ng\",\"item\":\"https:\\\/\\\/tiemhoaxinh.io.vn\\\/?page_id=45\"},{\"@type\":\"ListItem\",\"position\":3,\"name\":\"hoa H\u1ed3ng\"}]},{\"@type\":\"WebSite\",\"@id\":\"https:\\\/\\\/tiemhoaxinh.io.vn\\\/#website\",\"url\":\"https:\\\/\\\/tiemhoaxinh.io.vn\\\/\",\"name\":\"Ti\u1ec7m Hoa Xinh\",\"description\":\"\",\"potentialAction\":[{\"@type\":\"SearchAction\",\"target\":{\"@type\":\"EntryPoint\",\"urlTemplate\":\"https:\\\/\\\/tiemhoaxinh.io.vn\\\/?s={search_term_string}\"},\"query-input\":{\"@type\":\"PropertyValueSpecification\",\"valueRequired\":true,\"valueName\":\"search_term_string\"}}],\"inLanguage\":\"vi\"}]}<\/script>\n<!-- \/ Yoast SEO plugin. -->","yoast_head_json":{"title":"hoa H\u1ed3ng - Ti\u1ec7m Hoa Xinh","description":"Hoa h\u1ed3ng l\u00e0 lo\u00e0i hoa bi\u1ec3u t\u01b0\u1ee3ng cho t\u00ecnh y\u00eau, s\u1ef1 l\u00e3ng m\u1ea1n v\u00e0 nh\u1eefng c\u1ea3m x\u00fac ch\u00e2n th\u00e0nh. T\u1ea1i Ti\u1ec7m Hoa Xinh, c\u00e1c m\u1eabu hoa h\u1ed3ng \u0111\u1eb9p lu\u00f4n \u0111\u01b0\u1ee3c tuy\u1ec3n ch\u1ecdn k\u1ef9 l\u01b0\u1ee1ng t\u1eeb nh\u1eefng b\u00f4ng hoa h\u1ed3ng t\u01b0\u01a1i nh\u1ea5t, c\u00e1nh hoa d\u00e0y, m\u00e0u s\u1eafc r\u1ef1c r\u1ee1 v\u00e0 h\u01b0\u01a1ng th\u01a1m d\u1ecbu nh\u1eb9. Hoa h\u1ed3ng ph\u00f9 h\u1ee3p \u0111\u1ec3 l\u00e0m qu\u00e0 t\u1eb7ng trong nhi\u1ec1u d\u1ecbp nh\u01b0 sinh nh\u1eadt, k\u1ef7 ni\u1ec7m, Valentine hay l\u1eddi ch\u00fac y\u00eau th\u01b0\u01a1ng h\u1eb1ng ng\u00e0y. V\u1edbi thi\u1ebft k\u1ebf tinh t\u1ebf v\u00e0 ch\u1ea5t l\u01b0\u1ee3ng \u0111\u1ea3m b\u1ea3o, shop hoa Ti\u1ec7m Hoa Xinh cam k\u1ebft mang \u0111\u1ebfn nh\u1eefng b\u00f3 hoa h\u1ed3ng sang tr\u1ecdng, gi\u00fap b\u1ea1n g\u1eedi tr\u1ecdn v\u1eb9n th\u00f4ng \u0111i\u1ec7p y\u00eau th\u01b0\u01a1ng \u0111\u1ebfn ng\u01b0\u1eddi nh\u1eadn.","robots":{"index":"index","follow":"follow","max-snippet":"max-snippet:-1","max-image-preview":"max-image-preview:large","max-video-preview":"max-video-preview:-1"},"canonical":"https:\/\/tiemhoaxinh.io.vn\/?product=hoa-hong","og_locale":"vi_VN","og_type":"article","og_title":"hoa H\u1ed3ng - Ti\u1ec7m Hoa Xinh","og_description":"Hoa h\u1ed3ng l\u00e0 lo\u00e0i hoa bi\u1ec3u t\u01b0\u1ee3ng cho t\u00ecnh y\u00eau, s\u1ef1 l\u00e3ng m\u1ea1n v\u00e0 nh\u1eefng c\u1ea3m x\u00fac ch\u00e2n th\u00e0nh. T\u1ea1i Ti\u1ec7m Hoa Xinh, c\u00e1c m\u1eabu hoa h\u1ed3ng \u0111\u1eb9p lu\u00f4n \u0111\u01b0\u1ee3c tuy\u1ec3n ch\u1ecdn k\u1ef9 l\u01b0\u1ee1ng t\u1eeb nh\u1eefng b\u00f4ng hoa h\u1ed3ng t\u01b0\u01a1i nh\u1ea5t, c\u00e1nh hoa d\u00e0y, m\u00e0u s\u1eafc r\u1ef1c r\u1ee1 v\u00e0 h\u01b0\u01a1ng th\u01a1m d\u1ecbu nh\u1eb9. Hoa h\u1ed3ng ph\u00f9 h\u1ee3p \u0111\u1ec3 l\u00e0m qu\u00e0 t\u1eb7ng trong nhi\u1ec1u d\u1ecbp nh\u01b0 sinh nh\u1eadt, k\u1ef7 ni\u1ec7m, Valentine hay l\u1eddi ch\u00fac y\u00eau th\u01b0\u01a1ng h\u1eb1ng ng\u00e0y. V\u1edbi thi\u1ebft k\u1ebf tinh t\u1ebf v\u00e0 ch\u1ea5t l\u01b0\u1ee3ng \u0111\u1ea3m b\u1ea3o, shop hoa Ti\u1ec7m Hoa Xinh cam k\u1ebft mang \u0111\u1ebfn nh\u1eefng b\u00f3 hoa h\u1ed3ng sang tr\u1ecdng, gi\u00fap b\u1ea1n g\u1eedi tr\u1ecdn v\u1eb9n th\u00f4ng \u0111i\u1ec7p y\u00eau th\u01b0\u01a1ng \u0111\u1ebfn ng\u01b0\u1eddi nh\u1eadn.","og_url":"https:\/\/tiemhoaxinh.io.vn\/?product=hoa-hong","og_site_name":"Ti\u1ec7m Hoa Xinh","article_modified_time":"2026-01-31T07:00:56+00:00","og_image":[{"width":2048,"height":2048,"url":"https:\/\/tiemhoaxinh.io.vn\/wp-content\/uploads\/2026\/01\/hoa-1.jpg","type":"image\/jpeg"}],"twitter_card":"summary_large_image","twitter_misc":{"\u01af\u1edbc t\u00ednh th\u1eddi gian \u0111\u1ecdc":"1 ph\u00fat"},"schema":{"@context":"https:\/\/schema.org","@graph":[{"@type":"WebPage","@id":"https:\/\/tiemhoaxinh.io.vn\/?product=hoa-hong","url":"https:\/\/tiemhoaxinh.io.vn\/?product=hoa-hong","name":"hoa H\u1ed3ng - Ti\u1ec7m Hoa Xinh","isPartOf":{"@id":"https:\/\/tiemhoaxinh.io.vn\/#website"},"primaryImageOfPage":{"@id":"https:\/\/tiemhoaxinh.io.vn\/?product=hoa-hong#primaryimage"},"image":{"@id":"https:\/\/tiemhoaxinh.io.vn\/?product=hoa-hong#primaryimage"},"thumbnailUrl":"https:\/\/tiemhoaxinh.io.vn\/wp-content\/uploads\/2026\/01\/hoa-1.jpg","datePublished":"2026-01-22T07:35:42+00:00","dateModified":"2026-01-31T07:00:56+00:00","description":"Hoa h\u1ed3ng l\u00e0 lo\u00e0i hoa bi\u1ec3u t\u01b0\u1ee3ng cho t\u00ecnh y\u00eau, s\u1ef1 l\u00e3ng m\u1ea1n v\u00e0 nh\u1eefng c\u1ea3m x\u00fac ch\u00e2n th\u00e0nh. T\u1ea1i Ti\u1ec7m Hoa Xinh, c\u00e1c m\u1eabu hoa h\u1ed3ng \u0111\u1eb9p lu\u00f4n \u0111\u01b0\u1ee3c tuy\u1ec3n ch\u1ecdn k\u1ef9 l\u01b0\u1ee1ng t\u1eeb nh\u1eefng b\u00f4ng hoa h\u1ed3ng t\u01b0\u01a1i nh\u1ea5t, c\u00e1nh hoa d\u00e0y, m\u00e0u s\u1eafc r\u1ef1c r\u1ee1 v\u00e0 h\u01b0\u01a1ng th\u01a1m d\u1ecbu nh\u1eb9. Hoa h\u1ed3ng ph\u00f9 h\u1ee3p \u0111\u1ec3 l\u00e0m qu\u00e0 t\u1eb7ng trong nhi\u1ec1u d\u1ecbp nh\u01b0 sinh nh\u1eadt, k\u1ef7 ni\u1ec7m, Valentine hay l\u1eddi ch\u00fac y\u00eau th\u01b0\u01a1ng h\u1eb1ng ng\u00e0y. V\u1edbi thi\u1ebft k\u1ebf tinh t\u1ebf v\u00e0 ch\u1ea5t l\u01b0\u1ee3ng \u0111\u1ea3m b\u1ea3o, shop hoa Ti\u1ec7m Hoa Xinh cam k\u1ebft mang \u0111\u1ebfn nh\u1eefng b\u00f3 hoa h\u1ed3ng sang tr\u1ecdng, gi\u00fap b\u1ea1n g\u1eedi tr\u1ecdn v\u1eb9n th\u00f4ng \u0111i\u1ec7p y\u00eau th\u01b0\u01a1ng \u0111\u1ebfn ng\u01b0\u1eddi nh\u1eadn.","breadcrumb":{"@id":"https:\/\/tiemhoaxinh.io.vn\/?product=hoa-hong#breadcrumb"},"inLanguage":"vi","potentialAction":[{"@type":"ReadAction","target":["https:\/\/tiemhoaxinh.io.vn\/?product=hoa-hong"]}]},{"@type":"ImageObject","inLanguage":"vi","@id":"https:\/\/tiemhoaxinh.io.vn\/?product=hoa-hong#primaryimage","url":"https:\/\/tiemhoaxinh.io.vn\/wp-content\/uploads\/2026\/01\/hoa-1.jpg","contentUrl":"https:\/\/tiemhoaxinh.io.vn\/wp-content\/uploads\/2026\/01\/hoa-1.jpg","width":2048,"height":2048},{"@type":"BreadcrumbList","@id":"https:\/\/tiemhoaxinh.io.vn\/?product=hoa-hong#breadcrumb","itemListElement":[{"@type":"ListItem","position":1,"name":"Trang ch\u1ee7","item":"https:\/\/tiemhoaxinh.io.vn\/"},{"@type":"ListItem","position":2,"name":"C\u1eeda h\u00e0ng","item":"https:\/\/tiemhoaxinh.io.vn\/?page_id=45"},{"@type":"ListItem","position":3,"name":"hoa H\u1ed3ng"}]},{"@type":"WebSite","@id":"https:\/\/tiemhoaxinh.io.vn\/#website","url":"https:\/\/tiemhoaxinh.io.vn\/","name":"Ti\u1ec7m Hoa Xinh","description":"","potentialAction":[{"@type":"SearchAction","target":{"@type":"EntryPoint","urlTemplate":"https:\/\/tiemhoaxinh.io.vn\/?s={search_term_string}"},"query-input":{"@type":"PropertyValueSpecification","valueRequired":true,"valueName":"search_term_string"}}],"inLanguage":"vi"}]}},"jetpack_sharing_enabled":true,"_links":{"self":[{"href":"https:\/\/tiemhoaxinh.io.vn\/index.php?rest_route=\/wp\/v2\/product\/125","targetHints":{"allow":["GET"]}}],"collection":[{"href":"https:\/\/tiemhoaxinh.io.vn\/index.php?rest_route=\/wp\/v2\/product"}],"about":[{"href":"https:\/\/tiemhoaxinh.io.vn\/index.php?rest_route=\/wp\/v2\/types\/product"}],"replies":[{"embeddable":true,"href":"https:\/\/tiemhoaxinh.io.vn\/index.php?rest_route=%2Fwp%2Fv2%2Fcomments&post=125"}],"wp:featuredmedia":[{"embeddable":true,"href":"https:\/\/tiemhoaxinh.io.vn\/index.php?rest_route=\/wp\/v2\/media\/135"}],"wp:attachment":[{"href":"https:\/\/tiemhoaxinh.io.vn\/index.php?rest_route=%2Fwp%2Fv2%2Fmedia&parent=125"}],"wp:term":[{"taxonomy":"product_brand","embeddable":true,"href":"https:\/\/tiemhoaxinh.io.vn\/index.php?rest_route=%2Fwp%2Fv2%2Fproduct_brand&post=125"},{"taxonomy":"product_cat","embeddable":true,"href":"https:\/\/tiemhoaxinh.io.vn\/index.php?rest_route=%2Fwp%2Fv2%2Fproduct_cat&post=125"},{"taxonomy":"product_tag","embeddable":true,"href":"https:\/\/tiemhoaxinh.io.vn\/index.php?rest_route=%2Fwp%2Fv2%2Fproduct_tag&post=125"}],"curies":[{"name":"wp","href":"https:\/\/api.w.org\/{rel}","templated":true}]}}