{"id":2,"date":"2026-01-10T07:31:59","date_gmt":"2026-01-10T07:31:59","guid":{"rendered":"https:\/\/tiemhoaxinh.io.vn\/wordpress\/?page_id=2"},"modified":"2026-02-07T11:24:15","modified_gmt":"2026-02-07T11:24:15","slug":"sample-page","status":"publish","type":"page","link":"https:\/\/tiemhoaxinh.io.vn\/?page_id=2","title":{"rendered":"Ti\u1ec7m Hoa Xinh"},"content":{"rendered":"\n<p><strong>Ti\u1ec7m Hoa Xinh<\/strong> l\u00e0 c\u1eeda h\u00e0ng chuy\u00ean cung c\u1ea5p hoa t\u01b0\u01a1i ch\u1ea5t l\u01b0\u1ee3ng cao, \u0111a d\u1ea1ng m\u1eabu m\u00e3, ph\u1ee5c v\u1ee5 nhu c\u1ea7u t\u1eb7ng hoa v\u00e0 trang tr\u00ed trong nhi\u1ec1u d\u1ecbp kh\u00e1c nhau nh\u01b0 sinh nh\u1eadt, khai tr\u01b0\u01a1ng, k\u1ef7 ni\u1ec7m, c\u01b0\u1edbi h\u1ecfi v\u00e0 c\u00e1c s\u1ef1 ki\u1ec7n quan tr\u1ecdng. V\u1edbi ph\u01b0\u01a1ng ch\u00e2m \u0111\u1eb7t ch\u1ea5t l\u01b0\u1ee3ng v\u00e0 c\u1ea3m x\u00fac c\u1ee7a kh\u00e1ch h\u00e0ng l\u00ean h\u00e0ng \u0111\u1ea7u, Ti\u1ec7m Hoa Xinh lu\u00f4n ch\u00fa tr\u1ecdng t\u1eeb kh\u00e2u ch\u1ecdn hoa \u0111\u1ebfn thi\u1ebft k\u1ebf t\u1eebng s\u1ea3n ph\u1ea9m.<\/p>\n\n\n\n<p>C\u00e1c m\u1eabu hoa t\u1ea1i Ti\u1ec7m Hoa Xinh \u0111\u01b0\u1ee3c nh\u1eadp m\u1edbi m\u1ed7i ng\u00e0y, \u0111\u1ea3m b\u1ea3o \u0111\u1ed9 t\u01b0\u01a1i l\u00e2u, m\u00e0u s\u1eafc \u0111\u1eb9p v\u00e0 \u0111\u01b0\u1ee3c thi\u1ebft k\u1ebf theo nhi\u1ec1u phong c\u00e1ch t\u1eeb \u0111\u01a1n gi\u1ea3n, tinh t\u1ebf \u0111\u1ebfn sang tr\u1ecdng, hi\u1ec7n \u0111\u1ea1i. M\u1ed7i b\u00f3 hoa kh\u00f4ng ch\u1ec9 l\u00e0 m\u1ed9t s\u1ea3n ph\u1ea9m m\u00e0 c\u00f2n l\u00e0 th\u00f4ng \u0111i\u1ec7p y\u00eau th\u01b0\u01a1ng m\u00e0 Ti\u1ec7m Hoa Xinh mu\u1ed1n g\u1eedi g\u1eafm \u0111\u1ebfn ng\u01b0\u1eddi nh\u1eadn.<\/p>\n\n\n\n<h3 class=\"wp-block-heading\">Th\u00f4ng tin li\u00ean h\u1ec7 Ti\u1ec7m Hoa Xinh<\/h3>\n\n\n\n<ul class=\"wp-block-list\">\n<li><strong>T\u00ean c\u1eeda h\u00e0ng:<\/strong> Ti\u1ec7m Hoa Xinh<\/li>\n\n\n\n<li><strong>\u0110\u1ecba ch\u1ec9:<\/strong> <em>380\/37 khu ph\u1ed1 2, ph\u01b0\u1eddng tr\u1ea5n bi\u00ean, bi\u00ean h\u00f2a, \u0111\u1ed3ng nai<\/em><br><em>ph\u01b0\u1eddng tr\u1ea5n bi\u00ean<\/em><\/li>\n\n\n\n<li><strong>Hotline:<\/strong> 091245049<\/li>\n\n\n\n<li><strong>Website:<\/strong> http: <a href=\"http:\/\/tiemhoaxinh.io.vn\/\">http:\/\/tiemhoaxinh.io.vn\/<\/a><\/li>\n\n\n\n<li><strong>Gi\u1edd m\u1edf c\u1eeda:<\/strong> 7-22h<\/li>\n<\/ul>\n\n\n\n<p>Ti\u1ec7m Hoa Xinh lu\u00f4n s\u1eb5n s\u00e0ng t\u01b0 v\u1ea5n v\u00e0 h\u1ed7 tr\u1ee3 kh\u00e1ch h\u00e0ng l\u1ef1a ch\u1ecdn m\u1eabu hoa ph\u00f9 h\u1ee3p v\u1edbi t\u1eebng nhu c\u1ea7u v\u00e0 ng\u00e2n s\u00e1ch. Ch\u00fang t\u00f4i cam k\u1ebft mang \u0111\u1ebfn d\u1ecbch v\u1ee5 t\u1eadn t\u00e2m, giao hoa \u0111\u00fang h\u1eb9n v\u00e0 tr\u1ea3i nghi\u1ec7m h\u00e0i l\u00f2ng cho kh\u00e1ch h\u00e0ng.<\/p>\n\n\n\n<p><\/p>\n","protected":false},"excerpt":{"rendered":"<p>Ti\u1ec7m Hoa Xinh l\u00e0 c\u1eeda h\u00e0ng chuy\u00ean cung c\u1ea5p hoa t\u01b0\u01a1i ch\u1ea5t l\u01b0\u1ee3ng cao, \u0111a d\u1ea1ng m\u1eabu m\u00e3, ph\u1ee5c v\u1ee5 nhu c\u1ea7u t\u1eb7ng hoa v\u00e0 &hellip; <\/p>\n","protected":false},"author":1,"featured_media":0,"parent":0,"menu_order":0,"comment_status":"closed","ping_status":"open","template":"","meta":{"footnotes":""},"class_list":["post-2","page","type-page","status-publish","hentry"],"yoast_head":"<!-- This site is optimized with the Yoast SEO plugin v27.5 - https:\/\/yoast.com\/product\/yoast-seo-wordpress\/ -->\n<title>Ti\u1ec7m Hoa Xinh - Ti\u1ec7m Hoa Xinh<\/title>\n<meta name=\"robots\" content=\"index, follow, max-snippet:-1, max-image-preview:large, max-video-preview:-1\" \/>\n<link rel=\"canonical\" href=\"https:\/\/tiemhoaxinh.io.vn\/?page_id=2\" \/>\n<meta property=\"og:locale\" content=\"vi_VN\" \/>\n<meta property=\"og:type\" content=\"article\" \/>\n<meta property=\"og:title\" content=\"Ti\u1ec7m Hoa Xinh - Ti\u1ec7m Hoa Xinh\" \/>\n<meta property=\"og:description\" content=\"Ti\u1ec7m Hoa Xinh l\u00e0 c\u1eeda h\u00e0ng chuy\u00ean cung c\u1ea5p hoa t\u01b0\u01a1i ch\u1ea5t l\u01b0\u1ee3ng cao, \u0111a d\u1ea1ng m\u1eabu m\u00e3, ph\u1ee5c v\u1ee5 nhu c\u1ea7u t\u1eb7ng hoa v\u00e0 &hellip;\" \/>\n<meta property=\"og:url\" content=\"https:\/\/tiemhoaxinh.io.vn\/?page_id=2\" \/>\n<meta property=\"og:site_name\" content=\"Ti\u1ec7m Hoa Xinh\" \/>\n<meta property=\"article:modified_time\" content=\"2026-02-07T11:24:15+00:00\" \/>\n<meta name=\"twitter:card\" content=\"summary_large_image\" \/>\n<meta name=\"twitter:label1\" content=\"\u01af\u1edbc t\u00ednh th\u1eddi gian \u0111\u1ecdc\" \/>\n\t<meta name=\"twitter:data1\" content=\"2 ph\u00fat\" \/>\n<script type=\"application\/ld+json\" class=\"yoast-schema-graph\">{\"@context\":\"https:\\\/\\\/schema.org\",\"@graph\":[{\"@type\":\"WebPage\",\"@id\":\"https:\\\/\\\/tiemhoaxinh.io.vn\\\/?page_id=2\",\"url\":\"https:\\\/\\\/tiemhoaxinh.io.vn\\\/?page_id=2\",\"name\":\"Ti\u1ec7m Hoa Xinh - Ti\u1ec7m Hoa Xinh\",\"isPartOf\":{\"@id\":\"https:\\\/\\\/tiemhoaxinh.io.vn\\\/#website\"},\"datePublished\":\"2026-01-10T07:31:59+00:00\",\"dateModified\":\"2026-02-07T11:24:15+00:00\",\"breadcrumb\":{\"@id\":\"https:\\\/\\\/tiemhoaxinh.io.vn\\\/?page_id=2#breadcrumb\"},\"inLanguage\":\"vi\",\"potentialAction\":[{\"@type\":\"ReadAction\",\"target\":[\"https:\\\/\\\/tiemhoaxinh.io.vn\\\/?page_id=2\"]}]},{\"@type\":\"BreadcrumbList\",\"@id\":\"https:\\\/\\\/tiemhoaxinh.io.vn\\\/?page_id=2#breadcrumb\",\"itemListElement\":[{\"@type\":\"ListItem\",\"position\":1,\"name\":\"Trang ch\u1ee7\",\"item\":\"https:\\\/\\\/tiemhoaxinh.io.vn\\\/\"},{\"@type\":\"ListItem\",\"position\":2,\"name\":\"Ti\u1ec7m Hoa Xinh\"}]},{\"@type\":\"WebSite\",\"@id\":\"https:\\\/\\\/tiemhoaxinh.io.vn\\\/#website\",\"url\":\"https:\\\/\\\/tiemhoaxinh.io.vn\\\/\",\"name\":\"Ti\u1ec7m Hoa Xinh\",\"description\":\"\",\"potentialAction\":[{\"@type\":\"SearchAction\",\"target\":{\"@type\":\"EntryPoint\",\"urlTemplate\":\"https:\\\/\\\/tiemhoaxinh.io.vn\\\/?s={search_term_string}\"},\"query-input\":{\"@type\":\"PropertyValueSpecification\",\"valueRequired\":true,\"valueName\":\"search_term_string\"}}],\"inLanguage\":\"vi\"}]}<\/script>\n<!-- \/ Yoast SEO plugin. -->","yoast_head_json":{"title":"Ti\u1ec7m Hoa Xinh - Ti\u1ec7m Hoa Xinh","robots":{"index":"index","follow":"follow","max-snippet":"max-snippet:-1","max-image-preview":"max-image-preview:large","max-video-preview":"max-video-preview:-1"},"canonical":"https:\/\/tiemhoaxinh.io.vn\/?page_id=2","og_locale":"vi_VN","og_type":"article","og_title":"Ti\u1ec7m Hoa Xinh - Ti\u1ec7m Hoa Xinh","og_description":"Ti\u1ec7m Hoa Xinh l\u00e0 c\u1eeda h\u00e0ng chuy\u00ean cung c\u1ea5p hoa t\u01b0\u01a1i ch\u1ea5t l\u01b0\u1ee3ng cao, \u0111a d\u1ea1ng m\u1eabu m\u00e3, ph\u1ee5c v\u1ee5 nhu c\u1ea7u t\u1eb7ng hoa v\u00e0 &hellip;","og_url":"https:\/\/tiemhoaxinh.io.vn\/?page_id=2","og_site_name":"Ti\u1ec7m Hoa Xinh","article_modified_time":"2026-02-07T11:24:15+00:00","twitter_card":"summary_large_image","twitter_misc":{"\u01af\u1edbc t\u00ednh th\u1eddi gian \u0111\u1ecdc":"2 ph\u00fat"},"schema":{"@context":"https:\/\/schema.org","@graph":[{"@type":"WebPage","@id":"https:\/\/tiemhoaxinh.io.vn\/?page_id=2","url":"https:\/\/tiemhoaxinh.io.vn\/?page_id=2","name":"Ti\u1ec7m Hoa Xinh - Ti\u1ec7m Hoa Xinh","isPartOf":{"@id":"https:\/\/tiemhoaxinh.io.vn\/#website"},"datePublished":"2026-01-10T07:31:59+00:00","dateModified":"2026-02-07T11:24:15+00:00","breadcrumb":{"@id":"https:\/\/tiemhoaxinh.io.vn\/?page_id=2#breadcrumb"},"inLanguage":"vi","potentialAction":[{"@type":"ReadAction","target":["https:\/\/tiemhoaxinh.io.vn\/?page_id=2"]}]},{"@type":"BreadcrumbList","@id":"https:\/\/tiemhoaxinh.io.vn\/?page_id=2#breadcrumb","itemListElement":[{"@type":"ListItem","position":1,"name":"Trang ch\u1ee7","item":"https:\/\/tiemhoaxinh.io.vn\/"},{"@type":"ListItem","position":2,"name":"Ti\u1ec7m Hoa Xinh"}]},{"@type":"WebSite","@id":"https:\/\/tiemhoaxinh.io.vn\/#website","url":"https:\/\/tiemhoaxinh.io.vn\/","name":"Ti\u1ec7m Hoa Xinh","description":"","potentialAction":[{"@type":"SearchAction","target":{"@type":"EntryPoint","urlTemplate":"https:\/\/tiemhoaxinh.io.vn\/?s={search_term_string}"},"query-input":{"@type":"PropertyValueSpecification","valueRequired":true,"valueName":"search_term_string"}}],"inLanguage":"vi"}]}},"jetpack_sharing_enabled":true,"_links":{"self":[{"href":"https:\/\/tiemhoaxinh.io.vn\/index.php?rest_route=\/wp\/v2\/pages\/2","targetHints":{"allow":["GET"]}}],"collection":[{"href":"https:\/\/tiemhoaxinh.io.vn\/index.php?rest_route=\/wp\/v2\/pages"}],"about":[{"href":"https:\/\/tiemhoaxinh.io.vn\/index.php?rest_route=\/wp\/v2\/types\/page"}],"author":[{"embeddable":true,"href":"https:\/\/tiemhoaxinh.io.vn\/index.php?rest_route=\/wp\/v2\/users\/1"}],"replies":[{"embeddable":true,"href":"https:\/\/tiemhoaxinh.io.vn\/index.php?rest_route=%2Fwp%2Fv2%2Fcomments&post=2"}],"version-history":[{"count":3,"href":"https:\/\/tiemhoaxinh.io.vn\/index.php?rest_route=\/wp\/v2\/pages\/2\/revisions"}],"predecessor-version":[{"id":245,"href":"https:\/\/tiemhoaxinh.io.vn\/index.php?rest_route=\/wp\/v2\/pages\/2\/revisions\/245"}],"wp:attachment":[{"href":"https:\/\/tiemhoaxinh.io.vn\/index.php?rest_route=%2Fwp%2Fv2%2Fmedia&parent=2"}],"curies":[{"name":"wp","href":"https:\/\/api.w.org\/{rel}","templated":true}]}}